{"id":2089,"date":"2021-10-19T16:17:33","date_gmt":"2021-10-19T14:17:33","guid":{"rendered":"https:\/\/www.ozenne.fr\/piscines-et-spas\/?post_type=product&#038;p=2089"},"modified":"2021-10-26T15:37:53","modified_gmt":"2021-10-26T13:37:53","slug":"h","status":"publish","type":"product","link":"https:\/\/www.ozenne.fr\/piscines-et-spas\/produit\/h\/","title":{"rendered":"H"},"content":{"rendered":"<p>S\u00e9ries de hammams avec\u00a0performances professionnelles,\u00a0\u00e9quip\u00e9s de douche et\u00a0chromoth\u00e9rapie, id\u00e9aux pour\u00a0compl\u00e9ter votre salle de bains avec\u00a0une zone d\u00e9di\u00e9e au bien-\u00eatre.<\/p>\n<p>Hammam \u00e9quip\u00e9 de douche et\u00a0chromoth\u00e9rapie.\u00a0Technologie Aquasteam pour la\u00a0production de vapeur : le maximum\u00a0du contr\u00f4le sur la qualit\u00e9 de votre\u00a0vapeur.<\/p>\n<p>Int\u00e9rieur et mobilier en gr\u00e8s lamin\u00e9\u00a0de 3,5 mm, portes en verre tremp\u00e9\u00a0de 8 mm. \u00a0Espace douche pratique et\u00a0fonctionnel, avec mitigeur\u00a0thermostatique, douche \u00e0 main\u00a0et pomme de douche au plafond\u00a042\u00d742 cm avec fonctions pluie et\u00a0n\u00e9bulisation.<\/p>\n<p>Disponible en sept variantes\u00a0chromatiques<\/p>\n","protected":false},"excerpt":{"rendered":"<p>S\u00e9ries de hammams avec\u00a0performances professionnelles,\u00a0\u00e9quip\u00e9s de douche et\u00a0chromoth\u00e9rapie, id\u00e9aux pour\u00a0compl\u00e9ter votre salle de bains avec\u00a0une zone d\u00e9di\u00e9e au bien-\u00eatre. Hammam \u00e9quip\u00e9 de douche et\u00a0chromoth\u00e9rapie.\u00a0Technologie Aquasteam pour la\u00a0production de vapeur : le maximum\u00a0du contr\u00f4le sur la qualit\u00e9 de votre\u00a0vapeur. Int\u00e9rieur et mobilier en gr\u00e8s lamin\u00e9\u00a0de 3,5 mm, portes en verre tremp\u00e9\u00a0de 8 mm. \u00a0Espace douche pratique et\u00a0fonctionnel, avec mitigeur\u00a0thermostatique, douche \u00e0 main\u00a0et pomme de douche au plafond\u00a042\u00d742 cm avec fonctions pluie et\u00a0n\u00e9bulisation. Disponible en sept variantes\u00a0chromatiques<\/p>\n","protected":false},"featured_media":2092,"template":"","meta":[],"product_brand":[],"product_cat":[49],"product_tag":[],"class_list":{"0":"post-2089","1":"product","2":"type-product","3":"status-publish","4":"has-post-thumbnail","6":"product_cat-produits-hammam","8":"first","9":"instock","10":"shipping-taxable","11":"product-type-simple"},"_links":{"self":[{"href":"https:\/\/www.ozenne.fr\/piscines-et-spas\/wp-json\/wp\/v2\/product\/2089","targetHints":{"allow":["GET"]}}],"collection":[{"href":"https:\/\/www.ozenne.fr\/piscines-et-spas\/wp-json\/wp\/v2\/product"}],"about":[{"href":"https:\/\/www.ozenne.fr\/piscines-et-spas\/wp-json\/wp\/v2\/types\/product"}],"wp:featuredmedia":[{"embeddable":true,"href":"https:\/\/www.ozenne.fr\/piscines-et-spas\/wp-json\/wp\/v2\/media\/2092"}],"wp:attachment":[{"href":"https:\/\/www.ozenne.fr\/piscines-et-spas\/wp-json\/wp\/v2\/media?parent=2089"}],"wp:term":[{"taxonomy":"product_brand","embeddable":true,"href":"https:\/\/www.ozenne.fr\/piscines-et-spas\/wp-json\/wp\/v2\/product_brand?post=2089"},{"taxonomy":"product_cat","embeddable":true,"href":"https:\/\/www.ozenne.fr\/piscines-et-spas\/wp-json\/wp\/v2\/product_cat?post=2089"},{"taxonomy":"product_tag","embeddable":true,"href":"https:\/\/www.ozenne.fr\/piscines-et-spas\/wp-json\/wp\/v2\/product_tag?post=2089"}],"curies":[{"name":"wp","href":"https:\/\/api.w.org\/{rel}","templated":true}]}}