{"id":2096,"date":"2021-10-19T16:17:37","date_gmt":"2021-10-19T14:17:37","guid":{"rendered":"https:\/\/www.ozenne.fr\/piscines-et-spas\/?post_type=product&#038;p=2096"},"modified":"2021-10-26T15:37:47","modified_gmt":"2021-10-26T13:37:47","slug":"h-copie","status":"publish","type":"product","link":"https:\/\/www.ozenne.fr\/piscines-et-spas\/produit\/h-copie\/","title":{"rendered":"ONE H"},"content":{"rendered":"<p>One H unit savamment esth\u00e9tique et technologie.<\/p>\n<p>One H utilise Aquasteam 45 pour la production de vapeur, pour un contr\u00f4le total de la densit\u00e9 et de l\u2019hygi\u00e8ne<\/p>\n<p>ESS \u2013 Effe Sound System pour le contr\u00f4le de la musique directement depuis votre dispositif<\/p>\n<p>Disponible en trois finitions standard, ou avec des couleurs personnalis\u00e9es<\/p>\n<p>De nombreuses applications possibles, dans des centres de bien-\u00eatre, salles de gym ou \u00e0 la maison<\/p>\n<p>Le bain turc parfait s\u2019obtient quand la densit\u00e9 de la vapeur est optimale et constante dans le temps, avec une temp\u00e9rature sup\u00e9rieure \u00e0 40 \u00b0C. Les hammams Effe ont une temp\u00e9rature et quantit\u00e9 de vapeur d\u00e9clar\u00e9e pour tous les g\u00e9n\u00e9rateurs : cela garantit une exp\u00e9rience de d\u00e9tente totale et une plus grande dur\u00e9e dans le temps.<\/p>\n<p>L\u2019int\u00e9rieur du One H est rev\u00eatu en gr\u00e8s lamin\u00e9 Slimtech\u00ae sp\u00e9cialement trait\u00e9 qui conf\u00e8re dans le contact avec le corps nu une agr\u00e9able sensation naturelle et chaude.<\/p>\n<p>Design :<\/p>\n<p>Talocci Design<\/p>\n","protected":false},"excerpt":{"rendered":"<p>One H unit savamment esth\u00e9tique et technologie. One H utilise Aquasteam 45 pour la production de vapeur, pour un contr\u00f4le total de la densit\u00e9 et de l\u2019hygi\u00e8ne ESS \u2013 Effe Sound System pour le contr\u00f4le de la musique directement depuis votre dispositif Disponible en trois finitions standard, ou avec des couleurs personnalis\u00e9es De nombreuses applications possibles, dans des centres de bien-\u00eatre, salles de gym ou \u00e0 la maison Le bain turc parfait s\u2019obtient quand la densit\u00e9 de la vapeur est  [&#8230;]<\/p>\n","protected":false},"featured_media":2094,"template":"","meta":[],"product_brand":[],"product_cat":[49],"product_tag":[],"class_list":{"0":"post-2096","1":"product","2":"type-product","3":"status-publish","4":"has-post-thumbnail","6":"product_cat-produits-hammam","8":"first","9":"instock","10":"shipping-taxable","11":"product-type-simple"},"_links":{"self":[{"href":"https:\/\/www.ozenne.fr\/piscines-et-spas\/wp-json\/wp\/v2\/product\/2096","targetHints":{"allow":["GET"]}}],"collection":[{"href":"https:\/\/www.ozenne.fr\/piscines-et-spas\/wp-json\/wp\/v2\/product"}],"about":[{"href":"https:\/\/www.ozenne.fr\/piscines-et-spas\/wp-json\/wp\/v2\/types\/product"}],"wp:featuredmedia":[{"embeddable":true,"href":"https:\/\/www.ozenne.fr\/piscines-et-spas\/wp-json\/wp\/v2\/media\/2094"}],"wp:attachment":[{"href":"https:\/\/www.ozenne.fr\/piscines-et-spas\/wp-json\/wp\/v2\/media?parent=2096"}],"wp:term":[{"taxonomy":"product_brand","embeddable":true,"href":"https:\/\/www.ozenne.fr\/piscines-et-spas\/wp-json\/wp\/v2\/product_brand?post=2096"},{"taxonomy":"product_cat","embeddable":true,"href":"https:\/\/www.ozenne.fr\/piscines-et-spas\/wp-json\/wp\/v2\/product_cat?post=2096"},{"taxonomy":"product_tag","embeddable":true,"href":"https:\/\/www.ozenne.fr\/piscines-et-spas\/wp-json\/wp\/v2\/product_tag?post=2096"}],"curies":[{"name":"wp","href":"https:\/\/api.w.org\/{rel}","templated":true}]}}