{"id":2097,"date":"2021-10-19T16:19:06","date_gmt":"2021-10-19T14:19:06","guid":{"rendered":"https:\/\/www.ozenne.fr\/piscines-et-spas\/?post_type=product&#038;p=2097"},"modified":"2021-10-26T15:37:43","modified_gmt":"2021-10-26T13:37:43","slug":"logica-h","status":"publish","type":"product","link":"https:\/\/www.ozenne.fr\/piscines-et-spas\/produit\/logica-h\/","title":{"rendered":"LOGICA H"},"content":{"rendered":"<p>Logica H conjugue la magie du bain turc \u00e0 l\u2019espace douche en un produit unique qui devient un v\u00e9ritable coin de bien-\u00eatre quotidien.<\/p>\n<p>Syst\u00e8me int\u00e9gr\u00e9 avec bain turc et douche<\/p>\n<p>Aquasteam, la meilleure technologie disponible pour la production de vapeur<\/p>\n<p>Mat\u00e9riaux de qualit\u00e9 exceptionnelle : rev\u00eatements en gr\u00e8s lamin\u00e9 Slimtech\u00ae de 3,5 mm, portes en verre tremp\u00e9 de 8 mm.<\/p>\n<p>Disponible en trois finitions standard, ou avec des couleurs personnalis\u00e9es<\/p>\n<p>Tableau de commande Effe \u00e0 voyants lumineux pour une visibilit\u00e9 parfaite des symboles \u00e9galement durant le bain de vapeur<\/p>\n<p>Design:<\/p>\n<p>Talocci design<\/p>\n","protected":false},"excerpt":{"rendered":"<p>Logica H conjugue la magie du bain turc \u00e0 l\u2019espace douche en un produit unique qui devient un v\u00e9ritable coin de bien-\u00eatre quotidien. Syst\u00e8me int\u00e9gr\u00e9 avec bain turc et douche Aquasteam, la meilleure technologie disponible pour la production de vapeur Mat\u00e9riaux de qualit\u00e9 exceptionnelle : rev\u00eatements en gr\u00e8s lamin\u00e9 Slimtech\u00ae de 3,5 mm, portes en verre tremp\u00e9 de 8 mm. Disponible en trois finitions standard, ou avec des couleurs personnalis\u00e9es Tableau de commande Effe \u00e0 voyants lumineux pour une visibilit\u00e9  [&#8230;]<\/p>\n","protected":false},"featured_media":2093,"template":"","meta":[],"product_brand":[],"product_cat":[49],"product_tag":[],"class_list":{"0":"post-2097","1":"product","2":"type-product","3":"status-publish","4":"has-post-thumbnail","6":"product_cat-produits-hammam","8":"first","9":"instock","10":"shipping-taxable","11":"product-type-simple"},"_links":{"self":[{"href":"https:\/\/www.ozenne.fr\/piscines-et-spas\/wp-json\/wp\/v2\/product\/2097","targetHints":{"allow":["GET"]}}],"collection":[{"href":"https:\/\/www.ozenne.fr\/piscines-et-spas\/wp-json\/wp\/v2\/product"}],"about":[{"href":"https:\/\/www.ozenne.fr\/piscines-et-spas\/wp-json\/wp\/v2\/types\/product"}],"wp:featuredmedia":[{"embeddable":true,"href":"https:\/\/www.ozenne.fr\/piscines-et-spas\/wp-json\/wp\/v2\/media\/2093"}],"wp:attachment":[{"href":"https:\/\/www.ozenne.fr\/piscines-et-spas\/wp-json\/wp\/v2\/media?parent=2097"}],"wp:term":[{"taxonomy":"product_brand","embeddable":true,"href":"https:\/\/www.ozenne.fr\/piscines-et-spas\/wp-json\/wp\/v2\/product_brand?post=2097"},{"taxonomy":"product_cat","embeddable":true,"href":"https:\/\/www.ozenne.fr\/piscines-et-spas\/wp-json\/wp\/v2\/product_cat?post=2097"},{"taxonomy":"product_tag","embeddable":true,"href":"https:\/\/www.ozenne.fr\/piscines-et-spas\/wp-json\/wp\/v2\/product_tag?post=2097"}],"curies":[{"name":"wp","href":"https:\/\/api.w.org\/{rel}","templated":true}]}}