{"id":2098,"date":"2021-10-19T16:20:39","date_gmt":"2021-10-19T14:20:39","guid":{"rendered":"https:\/\/www.ozenne.fr\/piscines-et-spas\/?post_type=product&#038;p=2098"},"modified":"2021-10-26T15:37:38","modified_gmt":"2021-10-26T13:37:38","slug":"bodylove-h","status":"publish","type":"product","link":"https:\/\/www.ozenne.fr\/piscines-et-spas\/produit\/bodylove-h\/","title":{"rendered":"FITBOX"},"content":{"rendered":"<p>FITBOX est la nouvelle cabine pour hammam con\u00e7ue par Giovanna Talocci et Marco Pallocca. Le projet respecte pleinement l\u2019intuition gagnante d\u2019Effegibi de cr\u00e9er des produits de bien-\u00eatre \u00e0 performances professionnelles, mais avec des dimensions et des caract\u00e9ristiques adapt\u00e9es \u00e9galement \u00e0 des habitations.<\/p>\n<p>FITBOX combine la fonction hammam et la fonction douche dans un espace unique restreint mais personnalisable. Un profil en aluminium aux lignes essentielles encadre des vitres fixes et des portes en cristal de 8 mm d\u2019\u00e9paisseur, supportant \u00e9galement la partie sup\u00e9rieure en verre opalin qui laisse passer la lumi\u00e8re, mais qui contient la vapeur produite par le g\u00e9n\u00e9rateur Effe.<\/p>\n<p>La flexibilit\u00e9 du profil permet une large personnalisation des dimensions et des configurations d\u2019ouverture. FITBOX est applicable \u00e0 la fois sur des receveurs de douche traditionnels et directement sur le sol, \u00e9liminant dans ce cas toute barri\u00e8re architectonique pour l\u2019entr\u00e9e dans la douche. Gr\u00e2ce \u00e0 ces caract\u00e9ristiques, FITBOX est parfaitement adaptable \u00e0 toutes les exigences domestiques ou \u00ab contract \u00bb en termes de style, de fonctionnalit\u00e9 et de dimensions. FITBOX est propos\u00e9e dans les dimensions standard de 120\u00d780, 140\u00d790 cm (h210) avec la possibilit\u00e9 de r\u00e9alisations sur mesure.<\/p>\n","protected":false},"excerpt":{"rendered":"<p>FITBOX est la nouvelle cabine pour hammam con\u00e7ue par Giovanna Talocci et Marco Pallocca. Le projet respecte pleinement l\u2019intuition gagnante d\u2019Effegibi de cr\u00e9er des produits de bien-\u00eatre \u00e0 performances professionnelles, mais avec des dimensions et des caract\u00e9ristiques adapt\u00e9es \u00e9galement \u00e0 des habitations. FITBOX combine la fonction hammam et la fonction douche dans un espace unique restreint mais personnalisable. Un profil en aluminium aux lignes essentielles encadre des vitres fixes et des portes en cristal de 8 mm d\u2019\u00e9paisseur, supportant \u00e9galement  [&#8230;]<\/p>\n","protected":false},"featured_media":2091,"template":"","meta":[],"product_brand":[],"product_cat":[49],"product_tag":[],"class_list":{"0":"post-2098","1":"product","2":"type-product","3":"status-publish","4":"has-post-thumbnail","6":"product_cat-produits-hammam","8":"first","9":"instock","10":"shipping-taxable","11":"product-type-simple"},"_links":{"self":[{"href":"https:\/\/www.ozenne.fr\/piscines-et-spas\/wp-json\/wp\/v2\/product\/2098","targetHints":{"allow":["GET"]}}],"collection":[{"href":"https:\/\/www.ozenne.fr\/piscines-et-spas\/wp-json\/wp\/v2\/product"}],"about":[{"href":"https:\/\/www.ozenne.fr\/piscines-et-spas\/wp-json\/wp\/v2\/types\/product"}],"wp:featuredmedia":[{"embeddable":true,"href":"https:\/\/www.ozenne.fr\/piscines-et-spas\/wp-json\/wp\/v2\/media\/2091"}],"wp:attachment":[{"href":"https:\/\/www.ozenne.fr\/piscines-et-spas\/wp-json\/wp\/v2\/media?parent=2098"}],"wp:term":[{"taxonomy":"product_brand","embeddable":true,"href":"https:\/\/www.ozenne.fr\/piscines-et-spas\/wp-json\/wp\/v2\/product_brand?post=2098"},{"taxonomy":"product_cat","embeddable":true,"href":"https:\/\/www.ozenne.fr\/piscines-et-spas\/wp-json\/wp\/v2\/product_cat?post=2098"},{"taxonomy":"product_tag","embeddable":true,"href":"https:\/\/www.ozenne.fr\/piscines-et-spas\/wp-json\/wp\/v2\/product_tag?post=2098"}],"curies":[{"name":"wp","href":"https:\/\/api.w.org\/{rel}","templated":true}]}}