{"id":2233,"date":"2021-12-08T08:49:00","date_gmt":"2021-12-08T07:49:00","guid":{"rendered":"https:\/\/www.ozenne.fr\/piscines-et-spas\/?post_type=product&#038;p=2233"},"modified":"2021-12-08T08:53:55","modified_gmt":"2021-12-08T07:53:55","slug":"yoku-h","status":"publish","type":"product","link":"https:\/\/www.ozenne.fr\/piscines-et-spas\/produit\/yoku-h\/","title":{"rendered":"YOKU H"},"content":{"rendered":"<p>En plus de maintenir un aspect intime et extr\u00eamement personnalisable gr\u00e2ce \u00e0 la biblioth\u00e8que ouverte, il diffuse une \u00e9l\u00e9gance raffin\u00e9e gr\u00e2ce \u00e0 l\u2019association de mat\u00e9riaux nobles. Deux solutions esth\u00e9tiques diff\u00e9rentes disponibles dans quatre combinaisons de bois et de gr\u00e8s permettent une int\u00e9gration parfaite dans n\u2019importe quel contexte. Hammam avec g\u00e9n\u00e9rateur de vapeur Nuvola Smart Power : la technologie la plus sophistiqu\u00e9e existant actuellement pour la production de vapeur.<\/p>\n","protected":false},"excerpt":{"rendered":"<p>En plus de maintenir un aspect intime et extr\u00eamement personnalisable gr\u00e2ce \u00e0 la biblioth\u00e8que ouverte, il diffuse une \u00e9l\u00e9gance raffin\u00e9e gr\u00e2ce \u00e0 l\u2019association de mat\u00e9riaux nobles. Deux solutions esth\u00e9tiques diff\u00e9rentes disponibles dans quatre combinaisons de bois et de gr\u00e8s permettent une int\u00e9gration parfaite dans n\u2019importe quel contexte. Hammam avec g\u00e9n\u00e9rateur de vapeur Nuvola Smart Power : la technologie la plus sophistiqu\u00e9e existant actuellement pour la production de vapeur.<\/p>\n","protected":false},"featured_media":2234,"template":"","meta":[],"product_brand":[],"product_cat":[49],"product_tag":[],"class_list":{"0":"post-2233","1":"product","2":"type-product","3":"status-publish","4":"has-post-thumbnail","6":"product_cat-produits-hammam","8":"first","9":"instock","10":"shipping-taxable","11":"product-type-simple"},"_links":{"self":[{"href":"https:\/\/www.ozenne.fr\/piscines-et-spas\/wp-json\/wp\/v2\/product\/2233","targetHints":{"allow":["GET"]}}],"collection":[{"href":"https:\/\/www.ozenne.fr\/piscines-et-spas\/wp-json\/wp\/v2\/product"}],"about":[{"href":"https:\/\/www.ozenne.fr\/piscines-et-spas\/wp-json\/wp\/v2\/types\/product"}],"wp:featuredmedia":[{"embeddable":true,"href":"https:\/\/www.ozenne.fr\/piscines-et-spas\/wp-json\/wp\/v2\/media\/2234"}],"wp:attachment":[{"href":"https:\/\/www.ozenne.fr\/piscines-et-spas\/wp-json\/wp\/v2\/media?parent=2233"}],"wp:term":[{"taxonomy":"product_brand","embeddable":true,"href":"https:\/\/www.ozenne.fr\/piscines-et-spas\/wp-json\/wp\/v2\/product_brand?post=2233"},{"taxonomy":"product_cat","embeddable":true,"href":"https:\/\/www.ozenne.fr\/piscines-et-spas\/wp-json\/wp\/v2\/product_cat?post=2233"},{"taxonomy":"product_tag","embeddable":true,"href":"https:\/\/www.ozenne.fr\/piscines-et-spas\/wp-json\/wp\/v2\/product_tag?post=2233"}],"curies":[{"name":"wp","href":"https:\/\/api.w.org\/{rel}","templated":true}]}}