{"id":2235,"date":"2021-12-08T08:50:49","date_gmt":"2021-12-08T07:50:49","guid":{"rendered":"https:\/\/www.ozenne.fr\/piscines-et-spas\/?post_type=product&#038;p=2235"},"modified":"2021-12-08T08:51:46","modified_gmt":"2021-12-08T07:51:46","slug":"bodylove-h-2","status":"publish","type":"product","link":"https:\/\/www.ozenne.fr\/piscines-et-spas\/produit\/bodylove-h-2\/","title":{"rendered":"BODYLOVE H"},"content":{"rendered":"<p class=\"CorpoA\"><span lang=\"FR\">L\u2019espace hammam de BodyLove est rev\u00eatu en gr\u00e8s Champagne .<\/span><\/p>\n<p class=\"CorpoA\"><span lang=\"FR\">BodyLove garantit une qualit\u00e9 de vapeur in\u00e9gal\u00e9e pour la densit\u00e9, temp\u00e9rature et hygi\u00e8ne : le hammam est dot\u00e9 de\u00a0<strong>Nuvola Smart Power, le maximum de la technologie disponible<\/strong>.<\/span><\/p>\n<p class=\"CorpoA\"><span lang=\"FR\">Un plan en\u00a0<strong>marbre Botticino<\/strong>\u00a0contient le groupe des robinets (distributeur et commandes fontaine + douche), ainsi qu\u2019un bol en acier effet cuivre pour se mouiller avec de l\u2019eau fra\u00eeche durant le bain de vapeur.<\/span><\/p>\n<p class=\"CorpoA\"><span lang=\"FR\">Comme tous les produits Effe, BodyLove offre un\u00a0<strong>\u00e9ventail de possibilit\u00e9s de personnalisation<\/strong>\u00a0en termes de choix et assortiment des mat\u00e9riaux pour r\u00e9aliser un espace bien-\u00eatre vraiment sur mesure.<\/span><\/p>\n<p>&nbsp;<\/p>\n","protected":false},"excerpt":{"rendered":"<p>L\u2019espace hammam de BodyLove est rev\u00eatu en gr\u00e8s Champagne . BodyLove garantit une qualit\u00e9 de vapeur in\u00e9gal\u00e9e pour la densit\u00e9, temp\u00e9rature et hygi\u00e8ne : le hammam est dot\u00e9 de\u00a0Nuvola Smart Power, le maximum de la technologie disponible. Un plan en\u00a0marbre Botticino\u00a0contient le groupe des robinets (distributeur et commandes fontaine + douche), ainsi qu\u2019un bol en acier effet cuivre pour se mouiller avec de l\u2019eau fra\u00eeche durant le bain de vapeur. Comme tous les produits Effe, BodyLove offre un\u00a0\u00e9ventail de possibilit\u00e9s  [&#8230;]<\/p>\n","protected":false},"featured_media":2236,"template":"","meta":[],"product_brand":[],"product_cat":[49],"product_tag":[],"class_list":{"0":"post-2235","1":"product","2":"type-product","3":"status-publish","4":"has-post-thumbnail","6":"product_cat-produits-hammam","8":"first","9":"instock","10":"shipping-taxable","11":"product-type-simple"},"_links":{"self":[{"href":"https:\/\/www.ozenne.fr\/piscines-et-spas\/wp-json\/wp\/v2\/product\/2235","targetHints":{"allow":["GET"]}}],"collection":[{"href":"https:\/\/www.ozenne.fr\/piscines-et-spas\/wp-json\/wp\/v2\/product"}],"about":[{"href":"https:\/\/www.ozenne.fr\/piscines-et-spas\/wp-json\/wp\/v2\/types\/product"}],"wp:featuredmedia":[{"embeddable":true,"href":"https:\/\/www.ozenne.fr\/piscines-et-spas\/wp-json\/wp\/v2\/media\/2236"}],"wp:attachment":[{"href":"https:\/\/www.ozenne.fr\/piscines-et-spas\/wp-json\/wp\/v2\/media?parent=2235"}],"wp:term":[{"taxonomy":"product_brand","embeddable":true,"href":"https:\/\/www.ozenne.fr\/piscines-et-spas\/wp-json\/wp\/v2\/product_brand?post=2235"},{"taxonomy":"product_cat","embeddable":true,"href":"https:\/\/www.ozenne.fr\/piscines-et-spas\/wp-json\/wp\/v2\/product_cat?post=2235"},{"taxonomy":"product_tag","embeddable":true,"href":"https:\/\/www.ozenne.fr\/piscines-et-spas\/wp-json\/wp\/v2\/product_tag?post=2235"}],"curies":[{"name":"wp","href":"https:\/\/api.w.org\/{rel}","templated":true}]}}